{"id":7,"date":"2020-03-23T16:16:21","date_gmt":"2020-03-23T19:16:21","guid":{"rendered":"http:\/\/www.mamaeclory.org.br\/blog\/?page_id=7"},"modified":"2020-03-24T13:53:28","modified_gmt":"2020-03-24T16:53:28","slug":"home","status":"publish","type":"page","link":"https:\/\/www.mamaeclory.org.br\/blog\/","title":{"rendered":"Home"},"content":{"rendered":"<p>[et_pb_section fb_built=&#8221;1&#8243; _builder_version=&#8221;4.4.1&#8243; background_color=&#8221;rgba(0,0,0,0.4)&#8221; background_image=&#8221;http:\/\/www.mamaeclory.org.br\/blog\/wp-content\/uploads\/2020\/03\/contato-bg-top.jpg&#8221; background_position=&#8221;center_left&#8221; background_blend=&#8221;multiply&#8221;][et_pb_row _builder_version=&#8221;4.4.1&#8243;][et_pb_column type=&#8221;4_4&#8243; _builder_version=&#8221;4.4.1&#8243;][et_pb_text _builder_version=&#8221;4.4.1&#8243; header_font=&#8221;Open Sans|800|||||||&#8221; header_text_color=&#8221;#FFFFFF&#8221; header_font_size=&#8221;28px&#8221; header_line_height=&#8221;1.5em&#8221; header_2_font=&#8221;Dancing Script|500|||||||&#8221; header_2_text_color=&#8221;#f0c03b&#8221; header_2_font_size=&#8221;72px&#8221; header_3_font=&#8221;Open Sans||||||||&#8221; header_3_text_color=&#8221;#FFFFFF&#8221;]<\/p>\n<h1>Blog\u00a0 Mem\u00f3rias da<\/h1>\n<h2>Mam\u00e3e Clory<\/h2>\n<p>&nbsp;<\/p>\n<p>[\/et_pb_text][\/et_pb_column][\/et_pb_row][\/et_pb_section][et_pb_section fb_built=&#8221;1&#8243; _builder_version=&#8221;4.4.1&#8243;][et_pb_row _builder_version=&#8221;4.4.1&#8243;][et_pb_column type=&#8221;4_4&#8243; _builder_version=&#8221;4.4.1&#8243;][et_pb_text _builder_version=&#8221;4.4.1&#8243; header_font=&#8221;Open Sans|800|||||||&#8221; header_text_align=&#8221;center&#8221; header_text_color=&#8221;#FFFFFF&#8221; header_font_size=&#8221;28px&#8221; header_line_height=&#8221;1.5em&#8221; header_2_font=&#8221;Open Sans|800|||||||&#8221; header_2_text_align=&#8221;center&#8221; header_2_text_color=&#8221;#282828&#8243; header_2_font_size=&#8221;42px&#8221; header_3_font=&#8221;Open Sans||||||||&#8221; header_3_text_color=&#8221;#FFFFFF&#8221;]<\/p>\n<h2><img loading=\"lazy\" decoding=\"async\" src=\"http:\/\/www.mamaeclory.org.br\/blog\/wp-content\/uploads\/2020\/03\/i-heart-red.png\" width=\"52\" height=\"52\" alt=\"\" class=\"wp-image-28 alignnone size-full\" \/><\/h2>\n<h2>\u00daltimas Postagens<\/h2>\n<p>&nbsp;<\/p>\n<p>[\/et_pb_text][\/et_pb_column][\/et_pb_row][et_pb_row _builder_version=&#8221;4.4.1&#8243;][et_pb_column type=&#8221;4_4&#8243; _builder_version=&#8221;4.4.1&#8243;][et_pb_blog fullwidth=&#8221;off&#8221; posts_number=&#8221;9&#8243; show_author=&#8221;off&#8221; show_categories=&#8221;off&#8221; show_excerpt=&#8221;off&#8221; _builder_version=&#8221;4.4.1&#8243; header_font=&#8221;Open Sans|800|||||||&#8221; header_text_color=&#8221;#282828&#8243; header_font_size=&#8221;22px&#8221; meta_font=&#8221;Open Sans||||||||&#8221; meta_text_color=&#8221;#828282&#8243; meta_font_size=&#8221;14px&#8221; hover_enabled=&#8221;0&#8243; border_width_all=&#8221;0px&#8221; border_radii_image=&#8221;off|15px|15px|15px|15px&#8221; border_width_all_image=&#8221;3px&#8221; border_color_all_image=&#8221;rgba(0,0,0,0)&#8221; include_categories=&#8221;all&#8221; read_more_font=&#8221;Open Sans|800|||||||&#8221; pagination_font=&#8221;Open Sans|800||on|||||&#8221; pagination_font_size=&#8221;16px&#8221; pagination_text_color=&#8221;#b82039&#8243;][\/et_pb_blog][\/et_pb_column][\/et_pb_row][\/et_pb_section]<\/p>\n","protected":false},"excerpt":{"rendered":"<p>Blog\u00a0 Mem\u00f3rias da Mam\u00e3e Clory &nbsp; \u00daltimas Postagens &nbsp;<\/p>\n","protected":false},"author":1,"featured_media":0,"parent":0,"menu_order":0,"comment_status":"closed","ping_status":"closed","template":"","meta":{"_et_pb_use_builder":"on","_et_pb_old_content":"","_et_gb_content_width":"","footnotes":""},"class_list":["post-7","page","type-page","status-publish","hentry"],"yoast_head":"<!-- This site is optimized with the Yoast SEO plugin v27.4 - https:\/\/yoast.com\/product\/yoast-seo-wordpress\/ -->\n<title>Home - Blog Mam\u00e3e Clory<\/title>\n<meta name=\"robots\" content=\"index, follow, max-snippet:-1, max-image-preview:large, max-video-preview:-1\" \/>\n<link rel=\"canonical\" href=\"https:\/\/www.mamaeclory.org.br\/blog\/\" \/>\n<meta property=\"og:locale\" content=\"pt_BR\" \/>\n<meta property=\"og:type\" content=\"article\" \/>\n<meta property=\"og:title\" content=\"Home - Blog Mam\u00e3e Clory\" \/>\n<meta property=\"og:description\" content=\"Blog\u00a0 Mem\u00f3rias da Mam\u00e3e Clory &nbsp; \u00daltimas Postagens &nbsp;\" \/>\n<meta property=\"og:url\" content=\"https:\/\/www.mamaeclory.org.br\/blog\/\" \/>\n<meta property=\"og:site_name\" content=\"Blog Mam\u00e3e Clory\" \/>\n<meta property=\"article:modified_time\" content=\"2020-03-24T16:53:28+00:00\" \/>\n<meta property=\"og:image\" content=\"https:\/\/www.mamaeclory.org.br\/blog\/wp-content\/uploads\/2020\/03\/i-heart-red.png\" \/>\n\t<meta property=\"og:image:width\" content=\"134\" \/>\n\t<meta property=\"og:image:height\" content=\"134\" \/>\n\t<meta property=\"og:image:type\" content=\"image\/png\" \/>\n<meta name=\"twitter:card\" content=\"summary_large_image\" \/>\n<meta name=\"twitter:label1\" content=\"Est. tempo de leitura\" \/>\n\t<meta name=\"twitter:data1\" content=\"1 minuto\" \/>\n<script type=\"application\/ld+json\" class=\"yoast-schema-graph\">{\"@context\":\"https:\\\/\\\/schema.org\",\"@graph\":[{\"@type\":\"WebPage\",\"@id\":\"https:\\\/\\\/www.mamaeclory.org.br\\\/blog\\\/\",\"url\":\"https:\\\/\\\/www.mamaeclory.org.br\\\/blog\\\/\",\"name\":\"Home - Blog Mam\u00e3e Clory\",\"isPartOf\":{\"@id\":\"https:\\\/\\\/www.mamaeclory.org.br\\\/blog\\\/#website\"},\"primaryImageOfPage\":{\"@id\":\"https:\\\/\\\/www.mamaeclory.org.br\\\/blog\\\/#primaryimage\"},\"image\":{\"@id\":\"https:\\\/\\\/www.mamaeclory.org.br\\\/blog\\\/#primaryimage\"},\"thumbnailUrl\":\"http:\\\/\\\/www.mamaeclory.org.br\\\/blog\\\/wp-content\\\/uploads\\\/2020\\\/03\\\/i-heart-red.png\",\"datePublished\":\"2020-03-23T19:16:21+00:00\",\"dateModified\":\"2020-03-24T16:53:28+00:00\",\"breadcrumb\":{\"@id\":\"https:\\\/\\\/www.mamaeclory.org.br\\\/blog\\\/#breadcrumb\"},\"inLanguage\":\"pt-BR\",\"potentialAction\":[{\"@type\":\"ReadAction\",\"target\":[\"https:\\\/\\\/www.mamaeclory.org.br\\\/blog\\\/\"]}]},{\"@type\":\"ImageObject\",\"inLanguage\":\"pt-BR\",\"@id\":\"https:\\\/\\\/www.mamaeclory.org.br\\\/blog\\\/#primaryimage\",\"url\":\"https:\\\/\\\/www.mamaeclory.org.br\\\/blog\\\/wp-content\\\/uploads\\\/2020\\\/03\\\/i-heart-red.png\",\"contentUrl\":\"https:\\\/\\\/www.mamaeclory.org.br\\\/blog\\\/wp-content\\\/uploads\\\/2020\\\/03\\\/i-heart-red.png\",\"width\":134,\"height\":134},{\"@type\":\"BreadcrumbList\",\"@id\":\"https:\\\/\\\/www.mamaeclory.org.br\\\/blog\\\/#breadcrumb\",\"itemListElement\":[{\"@type\":\"ListItem\",\"position\":1,\"name\":\"In\u00edcio\",\"item\":\"https:\\\/\\\/www.mamaeclory.org.br\\\/blog\\\/\"},{\"@type\":\"ListItem\",\"position\":2,\"name\":\"Home\"}]},{\"@type\":\"WebSite\",\"@id\":\"https:\\\/\\\/www.mamaeclory.org.br\\\/blog\\\/#website\",\"url\":\"https:\\\/\\\/www.mamaeclory.org.br\\\/blog\\\/\",\"name\":\"Blog Mam\u00e3e Clory\",\"description\":\"Mem\u00f3rias da Mam\u00e3e Clory\",\"potentialAction\":[{\"@type\":\"SearchAction\",\"target\":{\"@type\":\"EntryPoint\",\"urlTemplate\":\"https:\\\/\\\/www.mamaeclory.org.br\\\/blog\\\/?s={search_term_string}\"},\"query-input\":{\"@type\":\"PropertyValueSpecification\",\"valueRequired\":true,\"valueName\":\"search_term_string\"}}],\"inLanguage\":\"pt-BR\"}]}<\/script>\n<!-- \/ Yoast SEO plugin. -->","yoast_head_json":{"title":"Home - Blog Mam\u00e3e Clory","robots":{"index":"index","follow":"follow","max-snippet":"max-snippet:-1","max-image-preview":"max-image-preview:large","max-video-preview":"max-video-preview:-1"},"canonical":"https:\/\/www.mamaeclory.org.br\/blog\/","og_locale":"pt_BR","og_type":"article","og_title":"Home - Blog Mam\u00e3e Clory","og_description":"Blog\u00a0 Mem\u00f3rias da Mam\u00e3e Clory &nbsp; \u00daltimas Postagens &nbsp;","og_url":"https:\/\/www.mamaeclory.org.br\/blog\/","og_site_name":"Blog Mam\u00e3e Clory","article_modified_time":"2020-03-24T16:53:28+00:00","og_image":[{"width":134,"height":134,"url":"https:\/\/www.mamaeclory.org.br\/blog\/wp-content\/uploads\/2020\/03\/i-heart-red.png","type":"image\/png"}],"twitter_card":"summary_large_image","twitter_misc":{"Est. tempo de leitura":"1 minuto"},"schema":{"@context":"https:\/\/schema.org","@graph":[{"@type":"WebPage","@id":"https:\/\/www.mamaeclory.org.br\/blog\/","url":"https:\/\/www.mamaeclory.org.br\/blog\/","name":"Home - Blog Mam\u00e3e Clory","isPartOf":{"@id":"https:\/\/www.mamaeclory.org.br\/blog\/#website"},"primaryImageOfPage":{"@id":"https:\/\/www.mamaeclory.org.br\/blog\/#primaryimage"},"image":{"@id":"https:\/\/www.mamaeclory.org.br\/blog\/#primaryimage"},"thumbnailUrl":"http:\/\/www.mamaeclory.org.br\/blog\/wp-content\/uploads\/2020\/03\/i-heart-red.png","datePublished":"2020-03-23T19:16:21+00:00","dateModified":"2020-03-24T16:53:28+00:00","breadcrumb":{"@id":"https:\/\/www.mamaeclory.org.br\/blog\/#breadcrumb"},"inLanguage":"pt-BR","potentialAction":[{"@type":"ReadAction","target":["https:\/\/www.mamaeclory.org.br\/blog\/"]}]},{"@type":"ImageObject","inLanguage":"pt-BR","@id":"https:\/\/www.mamaeclory.org.br\/blog\/#primaryimage","url":"https:\/\/www.mamaeclory.org.br\/blog\/wp-content\/uploads\/2020\/03\/i-heart-red.png","contentUrl":"https:\/\/www.mamaeclory.org.br\/blog\/wp-content\/uploads\/2020\/03\/i-heart-red.png","width":134,"height":134},{"@type":"BreadcrumbList","@id":"https:\/\/www.mamaeclory.org.br\/blog\/#breadcrumb","itemListElement":[{"@type":"ListItem","position":1,"name":"In\u00edcio","item":"https:\/\/www.mamaeclory.org.br\/blog\/"},{"@type":"ListItem","position":2,"name":"Home"}]},{"@type":"WebSite","@id":"https:\/\/www.mamaeclory.org.br\/blog\/#website","url":"https:\/\/www.mamaeclory.org.br\/blog\/","name":"Blog Mam\u00e3e Clory","description":"Mem\u00f3rias da Mam\u00e3e Clory","potentialAction":[{"@type":"SearchAction","target":{"@type":"EntryPoint","urlTemplate":"https:\/\/www.mamaeclory.org.br\/blog\/?s={search_term_string}"},"query-input":{"@type":"PropertyValueSpecification","valueRequired":true,"valueName":"search_term_string"}}],"inLanguage":"pt-BR"}]}},"_links":{"self":[{"href":"https:\/\/www.mamaeclory.org.br\/blog\/wp-json\/wp\/v2\/pages\/7","targetHints":{"allow":["GET"]}}],"collection":[{"href":"https:\/\/www.mamaeclory.org.br\/blog\/wp-json\/wp\/v2\/pages"}],"about":[{"href":"https:\/\/www.mamaeclory.org.br\/blog\/wp-json\/wp\/v2\/types\/page"}],"author":[{"embeddable":true,"href":"https:\/\/www.mamaeclory.org.br\/blog\/wp-json\/wp\/v2\/users\/1"}],"replies":[{"embeddable":true,"href":"https:\/\/www.mamaeclory.org.br\/blog\/wp-json\/wp\/v2\/comments?post=7"}],"version-history":[{"count":18,"href":"https:\/\/www.mamaeclory.org.br\/blog\/wp-json\/wp\/v2\/pages\/7\/revisions"}],"predecessor-version":[{"id":18866,"href":"https:\/\/www.mamaeclory.org.br\/blog\/wp-json\/wp\/v2\/pages\/7\/revisions\/18866"}],"wp:attachment":[{"href":"https:\/\/www.mamaeclory.org.br\/blog\/wp-json\/wp\/v2\/media?parent=7"}],"curies":[{"name":"wp","href":"https:\/\/api.w.org\/{rel}","templated":true}]}}